{"id":2,"date":"2018-09-25T14:26:00","date_gmt":"2018-09-25T12:26:00","guid":{"rendered":"http:\/\/www.ilbasalioma.it\/?page_id=2"},"modified":"2026-04-06T14:34:53","modified_gmt":"2026-04-06T12:34:53","slug":"pagina-di-esempio","status":"publish","type":"page","link":"https:\/\/ilbasalioma.it\/","title":{"rendered":"Epitelioma Basocellulare"},"content":{"rendered":"<div class=\"brz-root__container brz-reset-all brz brz-root__container-page\">\n<section id=\"_qimlieqrwg\" class=\"brz-section brz-css-19vn7lm\">\n<div class=\"brz-section__content brz-section--boxed brz-css-56yqey brz-css-18p4h0b\" data-brz-custom-id=\"bizkoexugq\">\n<div class=\"brz-container brz-css-1c620f5\">\n<div class=\"brz-row__container brz-css-1xpspg1\" data-brz-custom-id=\"jtbxghzjap\">\n<div class=\"brz-bg\"><\/div>\n<div class=\"brz-row brz-css-1a4ro5y\">\n<div class=\"brz-columns brz-css-1owyp5w brz-css-il9elu\" data-brz-custom-id=\"lnujywbfgm\">\n<div class=\"brz-bg\"><\/div>\n<div class=\"brz-column__items brz-css-e9ojni\">\n<div id=\"\" class=\"brz-css-18ysc50 brz-wrapper\">\n<div class=\"brz-rich-text brz-rich-text__custom brz-css-lj1236\" data-brz-custom-id=\"fvfqlxlsxt\">\n<div data-brz-translate-text=\"1\">\n<p class=\"brz-tp-heading1 brz-css-oeM6Z\"><span class=\"brz-cp-color7\">Epitelioma Basocellulare<\/span><\/p>\n<\/div>\n<\/div>\n<\/div>\n<\/div>\n<\/div>\n<div class=\"brz-columns brz-css-1owyp5w brz-css-6zrn0h\" data-brz-custom-id=\"llzssrogpm\">\n<div class=\"brz-bg\"><\/div>\n<div class=\"brz-column__items brz-css-e9ojni\">\n<div id=\"\" class=\"brz-css-18ysc50 brz-wrapper\">\n<div class=\"brz-rich-text brz-rich-text__custom brz-css-lj1236\" data-brz-custom-id=\"zzifpgjmto\">\n<div data-brz-translate-text=\"1\">\n<p class=\"brz-tp-paragraph brz-css-g72KS\"><span class=\"brz-cp-color7\">Nell\u2019uomo di razza bianca, l\u2019epitelioma basocellulare o carcinoma basocellulare o pi\u00f9 semplicemente basalioma e&#8217; il pi\u00f9 frequente dei tumori cutanei (pi\u00f9 di 400.000 nuovi casi ogni anno negli USA), e anche il piu&#8217; frequente di tutti i tumori.<\/span><\/p>\n<p class=\"brz-tp-paragraph brz-css-jpvwC\"><span class=\"brz-cp-color7\">&nbsp;<\/span><\/p>\n<p class=\"brz-tp-paragraph brz-css-hEjUO\"><span class=\"brz-cp-color7\">\u00c8 pi\u00f9 comune in individui con carnagione chiara e di contro, \u00e8 molto raro nella razza nera. Nel 95% dei casi si sviluppa in persone di et\u00e0 superiore ai 40 anni, in genere in aree esposte al sole. Insorge in carnagioni chiare con scarsa capacit\u00e0 ad abbronzarsi (quelli che vengono in ambito scientifico definiti i fototipi A e B) o nelle persone che per anni hanno avuta una prolungata esposizione ai raggi solari. Infatti negli anni passati i soggetti maggiormente colpiti sono sempre stati i contadini, i pescatori e tutti quelli che avevano, per motivi lavorativi, una prolungata esposizione al sole.<\/span><\/p>\n<p class=\"brz-tp-paragraph brz-css-tYGLR\"><span class=\"brz-cp-color7\">&nbsp;<\/span><\/p>\n<p class=\"brz-tp-paragraph brz-css-l6orc\"><span class=\"brz-cp-color7\">Negli ultimi anni si \u00e8 osservata invece una diffusione della patologia anche a soggetti che non solo non hanno abitualmente una prolungata esposizione, ma anche in et\u00e0 in cui tale esposizione dovrebbe essere, almeno in linea teorica, ancora insufficiente.<\/span><\/p>\n<p class=\"brz-tp-paragraph brz-css-qFonW\"><span class=\"brz-cp-color7\">&nbsp;<\/span><\/p>\n<p class=\"brz-tp-paragraph brz-css-n21Eh\"><span class=\"brz-cp-color7\">Si \u00e8 infatti abbassata l\u2019et\u00e0 di comparsa delle manifestazioni cliniche della malattia. forse per una maggior esposizione o per un\u2019azione pi\u00f9 aggressiva da parte dei raggi UV che colpiscono la superficie terrestre, e quindi la nostra pelle . Per esposizione prolungata al sole si intende l\u2019esposizione di tutta la vita, anche involontaria che determina la \u201cdose cumulativa\u201d e non le esposizioni al mare o gli episodi di \u201cinsolazione da spiaggia\u201d.&nbsp;<\/span><\/p>\n<p class=\"brz-tp-paragraph brz-css-eaUyo\"><span class=\"brz-cp-color7\">&nbsp;<\/span><\/p>\n<p class=\"brz-tp-paragraph brz-css-dg30Y\"><span class=\"brz-cp-color7\">Poich\u00e9 l\u201985% dell\u2019esposizione al sole si acquisisce nelle prime due decadi di vita, la protezione solare andr\u00e0 applicata accuratamente soprattutto nei bambini e negli adolescenti, al fine di prevenire la comparsa di basaliomi nella vita adulta. Inoltre i raggi UltraVioletti, detti UV e poi separati in base alla lunghezza d\u2019onda in A (alta lunghezza) e B (bassa lunghezza), da cui le comuni sigle UVA e UVB abitualmente usate, riducono l\u2019efficacia dei meccanismi di difesa della nostra pelle mediante il fenomeno denominato di Fotoimmunodepressione.<\/span><\/p>\n<\/div>\n<\/div>\n<\/div>\n<\/div>\n<\/div>\n<\/div>\n<\/div>\n<\/div>\n<\/div>\n<\/section>\n<section id=\"_mbrenmdtpc\" class=\"brz-section brz-css-19vn7lm\">\n<div class=\"brz-section__content brz-section--boxed brz-css-56yqey\" data-brz-custom-id=\"rvznupyxkt\">\n<div class=\"brz-container brz-css-1c620f5\">\n<div class=\"brz-row__container brz-css-1xpspg1\" data-brz-custom-id=\"ergbwyjbfp\">\n<div class=\"brz-bg\"><\/div>\n<div class=\"brz-row brz-css-1a4ro5y\">\n<div class=\"brz-columns brz-css-1owyp5w brz-css-12miqu4\" data-brz-custom-id=\"stfdlxnznu\">\n<div class=\"brz-bg\"><\/div>\n<div class=\"brz-column__items brz-css-e9ojni\">\n<div id=\"\" class=\"brz-css-18ysc50 brz-wrapper\">\n<div class=\"brz-rich-text brz-rich-text__custom brz-css-lj1236\" data-brz-custom-id=\"vgnazcravn\">\n<div data-brz-translate-text=\"1\">\n<p class=\"brz-tp-heading1 brz-css-dpQph\"><span class=\"brz-cp-color7\">Localizzazioni<\/span><\/p>\n<\/div>\n<\/div>\n<\/div>\n<\/div>\n<\/div>\n<div class=\"brz-columns brz-css-1owyp5w brz-css-1ui4mc1\" data-brz-custom-id=\"dyfjtvzzbp\">\n<div class=\"brz-bg\"><\/div>\n<div class=\"brz-column__items brz-css-e9ojni\">\n<div id=\"\" class=\"brz-css-18ysc50 brz-wrapper\">\n<div class=\"brz-rich-text brz-rich-text__custom brz-css-lj1236\" data-brz-custom-id=\"ismplbcyhg\">\n<div data-brz-translate-text=\"1\">\n<p class=\"brz-tp-paragraph brz-css-daMMg\"><span class=\"brz-cp-color7\">Il basalioma insorge solitamente nelle aree maggiormente foto esposte anche involontariamente, quindi volto (il 70% si localizza sul viso e sul collo, di cui il 25% sulla piramide nasale), altre localizzazioni frequenti sono le regioni periorbitarie, in particolare il canto palpebrale interno, i bordi dell\u2019orecchio e sul capo nei soggetti affetti da calvizie giovanile.<\/span><\/p>\n<p class=\"brz-tp-paragraph brz-css-ab9qV\"><span class=\"brz-cp-color7\">&nbsp;<\/span><\/p>\n<p class=\"brz-tp-paragraph brz-css-c475Z\"><span class=\"brz-cp-color7\">Le altre zone di frequente insorgenza sono le spalle e il dorso. Nei soggetti di sesso femminile, anche il decolt\u00e8 \u00e8 un\u2019area maggiormente interessata dalla malattia.<\/span><\/p>\n<p class=\"brz-tp-paragraph brz-css-ts2aH\"><span class=\"brz-cp-color7\">&nbsp;<\/span><\/p>\n<p class=\"brz-tp-paragraph brz-css-wTc9S\"><span class=\"brz-cp-color7\">In relazione alla sua caratteristica di derivare da cheratinociti pluripotenti incompletamente differenziati di origine prevalentemente annessiale (cellule basali dei follicoli piliferi), il basalioma \u00e8 rarissimo nelle zone sprovviste di follicoli pilosebacei, come il palmo delle mani e le piante dei piedi.<\/span><\/p>\n<p class=\"brz-tp-paragraph brz-css-c4Fz4\"><span class=\"brz-cp-color7\">&nbsp;<\/span><\/p>\n<p class=\"brz-tp-paragraph brz-css-hhZcs\"><span class=\"brz-cp-color7\">Le mucose non sono mai colpite.<\/span><\/p>\n<\/div>\n<\/div>\n<\/div>\n<\/div>\n<\/div>\n<\/div>\n<\/div>\n<\/div>\n<\/div>\n<\/section>\n<section id=\"_uqvsjrgxvw\" class=\"brz-section brz-css-19vn7lm\">\n<div class=\"brz-section__content brz-section--boxed brz-css-56yqey\" data-brz-custom-id=\"bovudjwouw\">\n<div class=\"brz-container brz-css-1c620f5\">\n<div class=\"brz-row__container brz-css-1xpspg1\" data-brz-custom-id=\"dbjmlygnhr\">\n<div class=\"brz-bg\"><\/div>\n<div class=\"brz-row brz-css-1a4ro5y\">\n<div class=\"brz-columns brz-css-1owyp5w brz-css-13veksn\" data-brz-custom-id=\"wbtlsvzicz\">\n<div class=\"brz-bg\"><\/div>\n<div class=\"brz-column__items brz-css-e9ojni\">\n<div id=\"\" class=\"brz-css-18ysc50 brz-wrapper\">\n<div class=\"brz-rich-text brz-rich-text__custom brz-css-lj1236\" data-brz-custom-id=\"uduwzqfmti\">\n<div data-brz-translate-text=\"1\">\n<p class=\"brz-tp-heading1 brz-css-dx7xv\"><span class=\"brz-cp-color7\">Epidemiologia<\/span><\/p>\n<\/div>\n<\/div>\n<\/div>\n<\/div>\n<\/div>\n<div class=\"brz-columns brz-css-1owyp5w brz-css-28d3ql\" data-brz-custom-id=\"hqqbovspku\">\n<div class=\"brz-bg\"><\/div>\n<div class=\"brz-column__items brz-css-e9ojni\">\n<div id=\"\" class=\"brz-css-18ysc50 brz-wrapper\">\n<div class=\"brz-rich-text brz-rich-text__custom brz-css-lj1236\" data-brz-custom-id=\"mmivktmnne\">\n<div data-brz-translate-text=\"1\">\n<p class=\"brz-tp-paragraph brz-css-yTmjn\"><span class=\"brz-cp-color7\">La prolungata fotoesposizione, i traumi locali, le ustioni solari in eta&#8217; infantile, le radiazioni ionizzanti, le ulcere distrofiche, le cicatrici possono essere cause predisponenti. La pregressa asportazione di un basalioma determina la possibilit\u00e0 di sviluppare una seconda lesione con una probabilit\u00e0 di circa il 40%. Tuttavia la caratteristica malignit\u00e0 locale dell\u2019epitelioma basocellulare fa s\u00ec che solo di rado questo tumore causi il decesso del paziente.&nbsp;<\/span><\/p>\n<p class=\"brz-tp-paragraph brz-css-dXpY8\"><span class=\"brz-cp-color7\">&nbsp;<\/span><\/p>\n<p class=\"brz-tp-paragraph brz-css-sVe4K\"><span class=\"brz-cp-color7\">Solo rarissimamente sviluppa metastasi, ma pu\u00f2 invadere i tessuti sani circostanti, trattandosi di un tumore a malignit\u00e0 locale. Raramente pu\u00f2 sopraggiungere la morte a causa dell&#8217;invasione del carcinoma o dell&#8217;infiltrazione delle strutture vitali o degli orifizi (occhi, orecchie, bocca, struttura ossea, dura madre), ma una diagnosi troppo tardiva pu\u00f2 portare a trattamenti mutilanti.<\/span><\/p>\n<p class=\"brz-tp-paragraph brz-css-oOQO5\"><span class=\"brz-cp-color7\">&nbsp;<\/span><\/p>\n<p class=\"brz-tp-paragraph brz-css-uZv9n\"><span class=\"brz-cp-color7\">Il basalioma \u00e8 un tumore radiosensibile e non d\u00e0 fluorescenza alla luce di Wood, mentre lo spinalioma \u00e8 meno radiosensibile e d\u00e0 una fluorescenza arancione.<\/span><\/p>\n<\/div>\n<\/div>\n<\/div>\n<\/div>\n<\/div>\n<\/div>\n<\/div>\n<\/div>\n<\/div>\n<\/section>\n<section id=\"_vvuaogjdju\" class=\"brz-section brz-css-19vn7lm\">\n<div class=\"brz-section__content brz-section--boxed brz-css-56yqey\" data-brz-custom-id=\"shdobltryy\">\n<div class=\"brz-container brz-css-1c620f5\">\n<div class=\"brz-row__container brz-css-1xpspg1\" data-brz-custom-id=\"kalnbuurgs\">\n<div class=\"brz-bg\"><\/div>\n<div class=\"brz-row brz-css-1a4ro5y\">\n<div class=\"brz-columns brz-css-1owyp5w brz-css-q2og46\" data-brz-custom-id=\"bvkyjtzlfz\">\n<div class=\"brz-bg\"><\/div>\n<div class=\"brz-column__items brz-css-e9ojni\">\n<div id=\"\" class=\"brz-css-18ysc50 brz-wrapper\">\n<div class=\"brz-rich-text brz-rich-text__custom brz-css-lj1236\" data-brz-custom-id=\"oknukiizxy\">\n<div data-brz-translate-text=\"1\">\n<p class=\"brz-tp-heading1 brz-css-g9Vlj\"><span class=\"brz-cp-color7\">Evoluzione Clinica<\/span><\/p>\n<\/div>\n<\/div>\n<\/div>\n<\/div>\n<\/div>\n<div class=\"brz-columns brz-css-1owyp5w brz-css-qf8yxe\" data-brz-custom-id=\"mjpopqpznu\">\n<div class=\"brz-bg\"><\/div>\n<div class=\"brz-column__items brz-css-e9ojni\">\n<div id=\"\" class=\"brz-css-18ysc50 brz-wrapper\">\n<div class=\"brz-rich-text brz-rich-text__custom brz-css-lj1236\" data-brz-custom-id=\"zcrgcuojwe\">\n<div data-brz-translate-text=\"1\">\n<p class=\"brz-tp-paragraph brz-css-jMS5c\"><span class=\"brz-cp-color7\">L\u2019Epitelioma basoocellulare in genere esordisce come una lesione cutanea erosa che ha un\u2019apparente tendenza alla guarigione per poi riacutizzarsi con episodi di ulcerazione e sanguinamento.<\/span><\/p>\n<p class=\"brz-tp-paragraph brz-css-bzfyN\"><span class=\"brz-cp-color7\">&nbsp;<\/span><\/p>\n<p class=\"brz-tp-paragraph brz-css-ojXJd\"><span class=\"brz-cp-color7\">Pu\u00f2 apparire piano o con bordi rilevati o perlacei. All\u2019esame&nbsp;dermatoscopico, che viene solitamente eseguito durante la visita dermatologica, con un apparecchio, appunto denominato dermatoscopio, che ingrandisce le caratteristiche della cute attraverso una lente che pu\u00f2 arrivare ad ingrandire per 20 volte l\u2019immagine cutanea, il basalioma presenta delle caratteristiche patognomoniche, cio\u00e8 caratteristiche che lo definiscono e lo identificano in modo quasi inconfutabile.&nbsp;<\/span><\/p>\n<p class=\"brz-tp-paragraph brz-css-l6m22\"><span class=\"brz-cp-color7\">&nbsp;<\/span><\/p>\n<p class=\"brz-tp-paragraph brz-css-pTlW9\"><span class=\"brz-cp-color7\">Queste sono:<\/span><\/p>\n<ul>\n<li class=\"brz-tp-paragraph brz-css-mgatm\"><span class=\"brz-cp-color7\">la presenza di teleangectasie arborescenti,<\/span><\/li>\n<li class=\"brz-tp-paragraph brz-css-rV1HV\"><span class=\"brz-cp-color7\">aree ad aspetto di foglia d\u2019acero,<\/span><\/li>\n<li class=\"brz-tp-paragraph brz-css-o56kX\"><span class=\"brz-cp-color7\">strutture pigmentate a \u201cruota dentata\u201d,<\/span><\/li>\n<li class=\"brz-tp-paragraph brz-css-dbov3\"><span class=\"brz-cp-color7\">assenza del reticolo pigmentato.<\/span><\/li>\n<\/ul>\n<p class=\"brz-tp-paragraph brz-css-wTn7T\"><span class=\"brz-cp-color7\">&nbsp;<\/span><\/p>\n<p class=\"brz-tp-paragraph brz-css-pWMh1\"><span class=\"brz-cp-color7\">La forma ulcerata, denominata ULCUS RODENS (anche definita ulcera di Jacob) insorge pi\u00f9 frequentemente nella zona naso-labiale e periorbitaria dove si pu\u00f2 talora approfondire fino ad invadere i tessuti sottostanti costituendo la cosidetta ULCUS TENEBRANS.<\/span><\/p>\n<p class=\"brz-tp-paragraph brz-css-qXP83\"><span class=\"brz-cp-color7\">&nbsp;<\/span><\/p>\n<p class=\"brz-tp-paragraph brz-css-gQLEp\"><span class=\"brz-cp-color7\">Nei soggetti dalla pelle colorata (olivastra o nera) \u00e8 pi\u00f9 facile trovare la variante pigmentata.<\/span><\/p>\n<\/div>\n<\/div>\n<\/div>\n<\/div>\n<\/div>\n<\/div>\n<\/div>\n<\/div>\n<\/div>\n<\/section>\n<section id=\"_dyzgzmespt\" class=\"brz-section brz-css-19vn7lm\">\n<div class=\"brz-section__content brz-section--boxed brz-css-56yqey\" data-brz-custom-id=\"adrdicvtzu\">\n<div class=\"brz-container brz-css-1c620f5\">\n<div class=\"brz-row__container brz-css-1xpspg1\" data-brz-custom-id=\"eqyygirbrq\">\n<div class=\"brz-bg\"><\/div>\n<div class=\"brz-row brz-css-1a4ro5y\">\n<div class=\"brz-columns brz-css-1owyp5w brz-css-sz6c9x\" data-brz-custom-id=\"gghsengvny\">\n<div class=\"brz-bg\"><\/div>\n<div class=\"brz-column__items brz-css-e9ojni\">\n<div id=\"\" class=\"brz-css-18ysc50 brz-wrapper\">\n<div class=\"brz-rich-text brz-rich-text__custom brz-css-lj1236\" data-brz-custom-id=\"qzrfcdotcf\">\n<div data-brz-translate-text=\"1\">\n<p class=\"brz-tp-heading1 brz-css-zNx3J\"><span class=\"brz-cp-color7\">La Recidiva<\/span><\/p>\n<\/div>\n<\/div>\n<\/div>\n<\/div>\n<\/div>\n<div class=\"brz-columns brz-css-1owyp5w brz-css-1wbw0xy\" data-brz-custom-id=\"prrwrapsyi\">\n<div class=\"brz-bg\"><\/div>\n<div class=\"brz-column__items brz-css-e9ojni\">\n<div id=\"\" class=\"brz-css-18ysc50 brz-wrapper\">\n<div class=\"brz-rich-text brz-rich-text__custom brz-css-lj1236\" data-brz-custom-id=\"cylozdlysf\">\n<div data-brz-translate-text=\"1\">\n<p class=\"brz-tp-paragraph brz-css-gUQIZ\"><span class=\"brz-cp-color7\">La comparsa di una recidiva (pari al 5%), dopo trattamento di un epitelioma basocellualre pu\u00f2 essere dovuta&nbsp;a :<\/span><\/p>\n<p class=\"brz-tp-paragraph brz-css-z28At\"><span class=\"brz-cp-color7\">&nbsp;<\/span><\/p>\n<ul>\n<li class=\"brz-tp-paragraph brz-css-v_0h0\"><span class=\"brz-cp-color7\">Trattamento incompleto&nbsp;con elettrocoagulazione o crioterapia.<\/span><\/li>\n<li class=\"brz-tp-paragraph brz-css-wwIT7\"><span class=\"brz-cp-color7\">Escissione chirurgica incompleta<\/span><\/li>\n<\/ul>\n<p class=\"brz-tp-paragraph brz-css-a7E7k\"><span class=\"brz-cp-color7\">&nbsp;<\/span><\/p>\n<p class=\"brz-tp-paragraph brz-css-xRxZj\"><span class=\"brz-cp-color7\">La probabilit\u00e0 di recidiva \u00e8 inoltre influenzata dal tipo istologico dell\u2019epitelioma e dalla localizzazione; sono a maggior rischio recidiva le zone centrali del volto, le orecchie e il cuoio capelluto in pazienti calvi le lesioni di diametro superiore a 2cm.<\/span><\/p>\n<p class=\"brz-tp-paragraph brz-css-hkE87\"><span class=\"brz-cp-color7\">&nbsp;<\/span><\/p>\n<p class=\"brz-tp-paragraph brz-css-mXy2t\"><strong class=\"brz-cp-color7\">GRUPPO A BASSA PROBABILITA\u2019 DI RECIDIVA<\/strong><\/p>\n<ul>\n<li class=\"brz-tp-paragraph brz-css-hp5kc\"><span class=\"brz-cp-color7\">Tipo superficiale e tumore di Pinkus<\/span><\/li>\n<li class=\"brz-tp-paragraph brz-css-uoMUU\"><span class=\"brz-cp-color7\">Tipo nodulare di diametro inferiore a 1 cm e in sede a basso rischio, o maggiore di 2 cm in zone a basso rischio (troco e arti)&nbsp;<\/span><\/li>\n<\/ul>\n<p class=\"brz-tp-paragraph brz-css-lV3z_\"><span class=\"brz-cp-color7\">&nbsp;<\/span><\/p>\n<p class=\"brz-tp-paragraph brz-css-vNoo4\"><strong class=\"brz-cp-color7\">GRUPPO A MEDIA PROBABILITA\u2019 DI RECIDIVA<\/strong><\/p>\n<ul>\n<li class=\"brz-tp-paragraph brz-css-x6NDs\"><span class=\"brz-cp-color7\">Recidiva di tipo superficiale<\/span><\/li>\n<li class=\"brz-tp-paragraph brz-css-xLrxy\"><span class=\"brz-cp-color7\">Tipo nodulare di diametro inferiore a 1 cm e in sede ad alto rischio, maggiore di 1 cm in sede a rischio intermedio o basso e maggiore di 2 cm in sedi a basso rischio&nbsp;<\/span><\/li>\n<\/ul>\n<p class=\"brz-tp-paragraph brz-css-rU9VV\"><span class=\"brz-cp-color7\">&nbsp;<\/span><\/p>\n<p class=\"brz-tp-paragraph brz-css-z2Sj_\"><strong class=\"brz-cp-color7\">GRUPPO AD ALTA PROBABILITA\u2019 DI RECIDIVA<\/strong><\/p>\n<ul>\n<li class=\"brz-tp-paragraph brz-css-vZbQw\"><span class=\"brz-cp-color7\">Tipo istologico aggressivo (come la variante infiltrativa, scledermiforme e metatipica )<\/span><\/li>\n<li class=\"brz-tp-paragraph brz-css-oxXSz\"><span class=\"brz-cp-color7\">Basalioma recidivo (tranne la forma superficiale)<\/span><\/li>\n<\/ul>\n<\/div>\n<\/div>\n<\/div>\n<\/div>\n<\/div>\n<\/div>\n<\/div>\n<\/div>\n<\/div>\n<\/section>\n<\/div>\n<p>    <!-- version:1736944200 --><\/p>\n","protected":false},"excerpt":{"rendered":"<p>Epitelioma Basocellulare Nell\u2019uomo di razza bianca, l\u2019epitelioma basocellulare o carcinoma basocellulare o pi\u00f9 semplicemente basalioma e&#8217; il pi\u00f9 frequente dei tumori cutanei (pi\u00f9 di 400.000 nuovi casi ogni anno negli USA), e anche il piu&#8217; frequente di tutti i tumori. &nbsp; \u00c8 pi\u00f9 comune in individui con carnagione chiara e di contro, \u00e8 molto raro &hellip; <\/p>\n<p class=\"link-more\"><a href=\"https:\/\/ilbasalioma.it\/\" class=\"more-link\">Leggi tutto<span class=\"screen-reader-text\"> &#8220;Epitelioma Basocellulare&#8221;<\/span><\/a><\/p>\n","protected":false},"author":1,"featured_media":0,"parent":0,"menu_order":0,"comment_status":"closed","ping_status":"open","template":"","meta":{"footnotes":""},"class_list":["post-2","page","type-page","status-publish","hentry"],"brizy_media":[],"_links":{"self":[{"href":"https:\/\/ilbasalioma.it\/index.php?rest_route=\/wp\/v2\/pages\/2","targetHints":{"allow":["GET"]}}],"collection":[{"href":"https:\/\/ilbasalioma.it\/index.php?rest_route=\/wp\/v2\/pages"}],"about":[{"href":"https:\/\/ilbasalioma.it\/index.php?rest_route=\/wp\/v2\/types\/page"}],"author":[{"embeddable":true,"href":"https:\/\/ilbasalioma.it\/index.php?rest_route=\/wp\/v2\/users\/1"}],"replies":[{"embeddable":true,"href":"https:\/\/ilbasalioma.it\/index.php?rest_route=%2Fwp%2Fv2%2Fcomments&post=2"}],"version-history":[{"count":21,"href":"https:\/\/ilbasalioma.it\/index.php?rest_route=\/wp\/v2\/pages\/2\/revisions"}],"predecessor-version":[{"id":144,"href":"https:\/\/ilbasalioma.it\/index.php?rest_route=\/wp\/v2\/pages\/2\/revisions\/144"}],"wp:attachment":[{"href":"https:\/\/ilbasalioma.it\/index.php?rest_route=%2Fwp%2Fv2%2Fmedia&parent=2"}],"curies":[{"name":"wp","href":"https:\/\/api.w.org\/{rel}","templated":true}]}}