{"id":76,"date":"2018-09-25T16:55:01","date_gmt":"2018-09-25T14:55:01","guid":{"rendered":"http:\/\/www.ilbasalioma.it\/?page_id=76"},"modified":"2026-04-08T03:55:32","modified_gmt":"2026-04-08T01:55:32","slug":"classificazione","status":"publish","type":"page","link":"https:\/\/ilbasalioma.it\/?page_id=76","title":{"rendered":"Classificazione"},"content":{"rendered":"<div class=\"brz-root__container brz-reset-all brz brz-root__container-page\">\n<section id=\"_wnfbhdbmpc\" class=\"brz-section brz-css-77bo68\">\n<div class=\"brz-section__content brz-section--boxed brz-css-h844fm brz-css-1h3xkmj\" data-brz-custom-id=\"nsrhwnnpqy\">\n<div class=\"brz-container brz-css-1k7v1cq\">\n<div class=\"brz-row__container brz-css-jpl0o3\" data-brz-custom-id=\"bhytbliovi\">\n<div class=\"brz-bg\"><\/div>\n<div class=\"brz-row brz-css-s5fv4g\">\n<div class=\"brz-columns brz-css-1km3t5j brz-css-jbuxq2\" data-brz-custom-id=\"fldaskuuid\">\n<div class=\"brz-bg\"><\/div>\n<div class=\"brz-column__items brz-css-mf7cxi\">\n<div id=\"\" class=\"brz-css-6tge82 brz-wrapper\">\n<div class=\"brz-rich-text brz-rich-text__custom brz-css-k7q84y\" data-brz-custom-id=\"ejsqptwtph\">\n<div data-brz-translate-text=\"1\">\n<p class=\"brz-tp-heading1 brz-css-sB0Lo\"><span class=\"brz-cp-color2\">Classificazione<\/span><\/p>\n<\/div>\n<\/div>\n<\/div>\n<div id=\"\" class=\"brz-css-6tge82 brz-wrapper\">\n<div class=\"brz-rich-text brz-rich-text__custom brz-css-k7q84y\" data-brz-custom-id=\"msrmqzhpts\">\n<div data-brz-translate-text=\"1\">\n<p class=\"brz-tp-subtitle brz-css-mHkKS\"><span class=\"brz-cp-color3\">Le varianti cliniche dell\u2019Epitelioma basocellulare<\/span><\/p>\n<\/div>\n<\/div>\n<\/div>\n<\/div>\n<\/div>\n<div class=\"brz-columns brz-css-1km3t5j brz-css-1ezliyq\" data-brz-custom-id=\"gznkmwumij\">\n<div class=\"brz-bg\"><\/div>\n<div class=\"brz-column__items brz-css-mf7cxi\">\n<div id=\"\" class=\"brz-css-6tge82 brz-wrapper\">\n<div class=\"brz-rich-text brz-rich-text__custom brz-css-k7q84y\" data-brz-custom-id=\"jaktapfxsy\">\n<div data-brz-translate-text=\"1\">\n<p class=\"brz-tp-paragraph brz-css-mqFrj\"><strong class=\"brz-cp-color7\">Piano cicatriziale<\/strong><span class=\"brz-cp-color7\">&nbsp;e&#8217; la forma di pi\u00f9 frequente riscontro. Ha l\u2019aspetto di una chiazza rotonda o ovale che aumenta progressivamente di dimensioni con il passare del tempo. Il centro assume un aspetto atrofico cicatriziale depresso, di colore bianco opaco e spesso \u00e8 ricoperto da squame grigio-brune, aderenti. L\u2019area cicatriziale a tratti \u00e8 omogenea, a tratti cosparsa di teleangectasie, di elementi perlacei rilevati e di crosticine. Alla periferia della chiazza si osserva un orletto perlaceo caratteristico. Questo tipo di epitelioma pu\u00f2 essere particolarmente esteso.<\/span><\/p>\n<\/div>\n<\/div>\n<\/div>\n<div id=\"\" class=\"brz-css-6tge82 brz-wrapper\">\n<div class=\"brz-line brz-line-default brz-css-1qxsmdl\" data-brz-custom-id=\"dxtsiwpnii\">\n<hr class=\"brz-hr\"><\/div>\n<\/div>\n<div id=\"\" class=\"brz-css-6tge82 brz-wrapper\">\n<div class=\"brz-rich-text brz-rich-text__custom brz-css-k7q84y\" data-brz-custom-id=\"qbtrgfwcwb\">\n<div data-brz-translate-text=\"1\">\n<p class=\"brz-tp-paragraph brz-css-vp7XU\"><strong class=\"brz-cp-color7\">Sclerodermiforme o morfeiforme<\/strong><span class=\"brz-cp-color7\">&nbsp;e&#8217; una variet\u00e0 piuttosto rara che si distingue dagli altri tipi di epiteliomi per la marcata sclerosi dermica. La lesione forma una chiazza bianco-giallastra piana o nodulare, cerea, dura, incassata nel derma che si estende alla periferia ed al centro sembra guarire con esito atrofico-cicatriziale. Dopo diversi anni la malattia pu\u00f2 evolvere verso una forma terebrante.<\/span><\/p>\n<\/div>\n<\/div>\n<\/div>\n<div id=\"\" class=\"brz-css-6tge82 brz-wrapper\">\n<div class=\"brz-line brz-line-default brz-css-1qxsmdl\" data-brz-custom-id=\"wwyaglegnr\">\n<hr class=\"brz-hr\"><\/div>\n<\/div>\n<div id=\"\" class=\"brz-css-6tge82 brz-wrapper\">\n<div class=\"brz-rich-text brz-rich-text__custom brz-css-k7q84y\" data-brz-custom-id=\"tnqfrnswig\">\n<div data-brz-translate-text=\"1\">\n<p class=\"brz-tp-paragraph brz-css-sGIni\"><strong class=\"brz-cp-color7\">Superficiale<\/strong><span class=\"brz-cp-color7\">&nbsp;differisce dalle altre forme, in quanto predilige il tronco e gli arti e insorge in soggetti pi\u00f9 giovani. Si sviluppa molto lentamente in superficie, senza presentare alcuna tendenza all\u2019infiltrazione in profondit\u00e0. Pu\u00f2 essere suddiviso nelle seguenti tipologie, sempre nell\u2019ambito della variante superficiale:<\/span><\/p>\n<ul>\n<li class=\"brz-tp-paragraph brz-css-m1CnP\"><em class=\"brz-cp-color7\">Tipo carcinoide<\/em><span class=\"brz-cp-color7\">&nbsp;(di ARHING): formato da piccole formazioni a disco, scure, sottoepiteliali, sparse; la struttura \u00e8 uguale a quella di un nevo superficiale. Successive confluenze danno luogo a chiazze a forma di moneta.<\/span><\/li>\n<li class=\"brz-tp-paragraph brz-css-tO3xl\"><em class=\"brz-cp-color7\">Tipo eritematoide<\/em><span class=\"brz-cp-color7\">&nbsp;(di LITTLE): si presenta come una chiazza eritematosa persistente, con porzione centrale atrofica e leggermente desquamante e con un tipico orletto alla periferia lievemente rilevato, a tratti continuo, a tratti formato da piccole neoformazioni rotondeggianti, come una corona di perline.<\/span><\/li>\n<li class=\"brz-tp-paragraph brz-css-br8BV\"><em class=\"brz-cp-color7\">Tipo pagetoide o bowenoide<\/em><span class=\"brz-cp-color7\">&nbsp;(di DARIER): appare come una placca rotondeggiante, piuttosto estesa (fino a 15-20 cm), cosparsa di formazioni squamo-crostose brunastre di piccole dimensioni, che ricoprono una superficie pigmentata o eritematosa. I margini sono ben netti e presentano l&#8217;orletto prima descritto.<\/span><\/li>\n<\/ul>\n<\/div>\n<\/div>\n<\/div>\n<div id=\"\" class=\"brz-css-6tge82 brz-wrapper\">\n<div class=\"brz-line brz-line-default brz-css-1qxsmdl\" data-brz-custom-id=\"ldfsvmftei\">\n<hr class=\"brz-hr\"><\/div>\n<\/div>\n<div id=\"\" class=\"brz-css-6tge82 brz-wrapper\">\n<div class=\"brz-rich-text brz-rich-text__custom brz-css-k7q84y\" data-brz-custom-id=\"yidbpywigz\">\n<div data-brz-translate-text=\"1\">\n<p class=\"brz-tp-paragraph brz-css-lBznv\"><strong class=\"brz-cp-color7\">Nodulare (o perlaceo di MEINER)<\/strong><span class=\"brz-cp-color7\">, e&#8217; frequente e si localizza soprattutto sul viso, pi\u00f9 raramente sugli arti. Si manifesta con una papula o nodulo di aspetto perlaceo, traslucido di consistenza dura, di colorito cereo o bianco roseo. Non \u00e8 dolente ne pruriginoso. Spesso sono evidenti delle teleangectasie. Il nodulo pu\u00f2 ingrandirsi e formare placche, oppure pu\u00f2 ulcerarsi precocemente nella sua parte centrale. L&#8217;ulcera presenta un fondo lucente, asciutto, irregolare per la presenza di piccoli bottoni neoplastici rossi o rosso-grigiastri, ricoperta da una squamo-crosta che, al distacco, determina sanguinamento. Con la comparsa dell&#8217;ulcera, l&#8217;orletto periferico si duplica all&#8217;interno, si avr\u00e0, cos\u00ec, l&#8217;aspetto di un muro che si alza e di una fossa che si approfonda; (basalioma nodulo-ulcerativo).<\/span><\/p>\n<\/div>\n<\/div>\n<\/div>\n<div id=\"\" class=\"brz-css-6tge82 brz-wrapper\">\n<div class=\"brz-line brz-line-default brz-css-1qxsmdl\" data-brz-custom-id=\"gegimgfdmg\">\n<hr class=\"brz-hr\"><\/div>\n<\/div>\n<div id=\"\" class=\"brz-css-6tge82 brz-wrapper\">\n<div class=\"brz-rich-text brz-rich-text__custom brz-css-k7q84y\" data-brz-custom-id=\"aiwlzgqkcl\">\n<div data-brz-translate-text=\"1\">\n<p class=\"brz-tp-paragraph brz-css-uKG4V\"><span class=\"brz-cp-color7\">Cheratosico&nbsp;\u00e8 una forma frequente; origina da una lesione precancerosa, la cheratosi senile o attinica. Si tratta di un epitelioma con aspetto a crosta, che ad un certo punto, va , improvvisamente incontro a cheratinizzazione, con formazione di ammassi cornei.<\/span><\/p>\n<\/div>\n<\/div>\n<\/div>\n<div id=\"\" class=\"brz-css-6tge82 brz-wrapper\">\n<div class=\"brz-line brz-line-default brz-css-1qxsmdl\" data-brz-custom-id=\"ozrbcrwyzl\">\n<hr class=\"brz-hr\"><\/div>\n<\/div>\n<div id=\"\" class=\"brz-css-6tge82 brz-wrapper\">\n<div class=\"brz-rich-text brz-rich-text__custom brz-css-k7q84y\" data-brz-custom-id=\"kmcdjgkckj\">\n<div data-brz-translate-text=\"1\">\n<p class=\"brz-tp-paragraph brz-css-zG_Sh\"><strong class=\"brz-cp-color7\">Ulcerativo (ulcus rodens)<\/strong><span class=\"brz-cp-color7\">&nbsp;e&#8217; una lesione unica e spesso indolore (finch\u00e9 non coinvolge strutture nervose) che predilige i 2\/3 superiori del volto. L\u2019ulcerazione \u00e8 l\u2019aspetto dominante e solitamente d\u2019esordio, ma e&#8217; anche possibile l\u2019insorgenza di un\u2019ulcerazione su un epitelioma piano o nodulare. L\u2019ulcerazione, a margini piani e tagliati a picco ma priva dell\u2019orletto periferico che invece \u00e8 presente nella variante nodulo-ulcerativa pu\u00f2 tendere verso l\u2019estensione e verso la distruzione. Il fondo dell&#8217;ulcera \u00e8 poco infiltrato, facilmente sanguinante, rosso-cupo, con essudato chiaro. Il tumore, inizialmente di piccole dimensioni, successivamente tende ad estendersi e ad approfondirsi, assumendo carattere distruttivo, scavando in profondit\u00e0 ed erodendo le strutture incontrate, i tessuti molli sottostanti, la cartilagine e persino l\u2019osso: questa e&#8217; la forma&nbsp;tenebrante. Solitamente mancano le metastasi anche se la prognosi e&#8217; temibile perch\u00e8 il trattamento e&#8217; reso impossibile dall\u2019estensione delle lesioni che aggrediscono organi o strutture essenziali, determinando successivamente cachessia neoplastica.<\/span><\/p>\n<\/div>\n<\/div>\n<\/div>\n<div id=\"\" class=\"brz-css-6tge82 brz-wrapper\">\n<div class=\"brz-line brz-line-default brz-css-1qxsmdl\" data-brz-custom-id=\"xiecsixdgf\">\n<hr class=\"brz-hr\"><\/div>\n<\/div>\n<div id=\"\" class=\"brz-css-6tge82 brz-wrapper\">\n<div class=\"brz-rich-text brz-rich-text__custom brz-css-k7q84y\" data-brz-custom-id=\"cnohqbweax\">\n<div data-brz-translate-text=\"1\">\n<p class=\"brz-tp-paragraph brz-css-zkjwM\"><strong class=\"brz-cp-color7\">Pigmentato<\/strong><span class=\"brz-cp-color7\">&nbsp;si distingue dalle altre forma esclusivamente per la presenza di pigmento melanico nel tessuto tumorale o nello stroma che fanno pensare ad un melanoma.<\/span><\/p>\n<\/div>\n<\/div>\n<\/div>\n<\/div>\n<\/div>\n<\/div>\n<\/div>\n<\/div>\n<\/div>\n<\/section>\n<\/div>\n<p>    <!-- version:1737418948 --><\/p>\n","protected":false},"excerpt":{"rendered":"<p>Classificazione Le varianti cliniche dell\u2019Epitelioma basocellulare Piano cicatriziale&nbsp;e&#8217; la forma di pi\u00f9 frequente riscontro. Ha l\u2019aspetto di una chiazza rotonda o ovale che aumenta progressivamente di dimensioni con il passare del tempo. Il centro assume un aspetto atrofico cicatriziale depresso, di colore bianco opaco e spesso \u00e8 ricoperto da squame grigio-brune, aderenti. L\u2019area cicatriziale a &hellip; <\/p>\n<p class=\"link-more\"><a href=\"https:\/\/ilbasalioma.it\/?page_id=76\" class=\"more-link\">Leggi tutto<span class=\"screen-reader-text\"> &#8220;Classificazione&#8221;<\/span><\/a><\/p>\n","protected":false},"author":1,"featured_media":0,"parent":0,"menu_order":0,"comment_status":"closed","ping_status":"closed","template":"","meta":{"footnotes":""},"class_list":["post-76","page","type-page","status-publish","hentry"],"brizy_media":[],"_links":{"self":[{"href":"https:\/\/ilbasalioma.it\/index.php?rest_route=\/wp\/v2\/pages\/76","targetHints":{"allow":["GET"]}}],"collection":[{"href":"https:\/\/ilbasalioma.it\/index.php?rest_route=\/wp\/v2\/pages"}],"about":[{"href":"https:\/\/ilbasalioma.it\/index.php?rest_route=\/wp\/v2\/types\/page"}],"author":[{"embeddable":true,"href":"https:\/\/ilbasalioma.it\/index.php?rest_route=\/wp\/v2\/users\/1"}],"replies":[{"embeddable":true,"href":"https:\/\/ilbasalioma.it\/index.php?rest_route=%2Fwp%2Fv2%2Fcomments&post=76"}],"version-history":[{"count":15,"href":"https:\/\/ilbasalioma.it\/index.php?rest_route=\/wp\/v2\/pages\/76\/revisions"}],"predecessor-version":[{"id":145,"href":"https:\/\/ilbasalioma.it\/index.php?rest_route=\/wp\/v2\/pages\/76\/revisions\/145"}],"wp:attachment":[{"href":"https:\/\/ilbasalioma.it\/index.php?rest_route=%2Fwp%2Fv2%2Fmedia&parent=76"}],"curies":[{"name":"wp","href":"https:\/\/api.w.org\/{rel}","templated":true}]}}